{"id":110,"date":"2019-11-13T17:28:15","date_gmt":"2019-11-13T16:28:15","guid":{"rendered":"http:\/\/cslawyers.es\/?page_id=110"},"modified":"2019-12-09T15:05:47","modified_gmt":"2019-12-09T14:05:47","slug":"aviso-legal","status":"publish","type":"page","link":"https:\/\/cslawyers.es\/es\/aviso-legal\/","title":{"rendered":"Aviso legal"},"content":{"rendered":"\t\t<div data-elementor-type=\"wp-page\" data-elementor-id=\"110\" class=\"elementor elementor-110\" data-elementor-post-type=\"page\">\n\t\t\t\t\t\t<section class=\"elementor-section elementor-top-section elementor-element elementor-element-23ea67e elementor-section-height-min-height elementor-section-boxed elementor-section-height-default elementor-section-items-middle\" data-id=\"23ea67e\" data-element_type=\"section\" data-settings=\"{&quot;background_background&quot;:&quot;classic&quot;}\">\n\t\t\t\t\t\t<div class=\"elementor-container elementor-column-gap-default\">\n\t\t\t\t\t<div class=\"elementor-column elementor-col-100 elementor-top-column elementor-element elementor-element-99f9cfe\" data-id=\"99f9cfe\" data-element_type=\"column\">\n\t\t\t<div class=\"elementor-widget-wrap elementor-element-populated\">\n\t\t\t\t\t\t<div class=\"elementor-element elementor-element-c0e4b8f elementor-widget elementor-widget-heading\" data-id=\"c0e4b8f\" data-element_type=\"widget\" data-widget_type=\"heading.default\">\n\t\t\t\t<div class=\"elementor-widget-container\">\n\t\t\t\t\t<h1 class=\"elementor-heading-title elementor-size-default\">Aviso legal<\/h1>\t\t\t\t<\/div>\n\t\t\t\t<\/div>\n\t\t\t\t\t<\/div>\n\t\t<\/div>\n\t\t\t\t\t<\/div>\n\t\t<\/section>\n\t\t\t\t<section class=\"elementor-section elementor-top-section elementor-element elementor-element-a2f8e96 elementor-section-boxed elementor-section-height-default elementor-section-height-default\" data-id=\"a2f8e96\" data-element_type=\"section\">\n\t\t\t\t\t\t<div class=\"elementor-container elementor-column-gap-default\">\n\t\t\t\t\t<div class=\"elementor-column elementor-col-100 elementor-top-column elementor-element elementor-element-7f66dac\" data-id=\"7f66dac\" data-element_type=\"column\">\n\t\t\t<div class=\"elementor-widget-wrap elementor-element-populated\">\n\t\t\t\t\t\t<div class=\"elementor-element elementor-element-cf742f2 elementor-widget elementor-widget-text-editor\" data-id=\"cf742f2\" data-element_type=\"widget\" data-widget_type=\"text-editor.default\">\n\t\t\t\t<div class=\"elementor-widget-container\">\n\t\t\t\t\t\t\t\t\t<p align=\"center\"><strong>INFORMACI\u00d3N B\u00c1SICA SOBRE PROTECCI\u00d3N DE DATOS<\/strong><\/p><table border=\"1\" cellspacing=\"0\" cellpadding=\"0\"><tbody><tr><td><p><strong>Responsable<\/strong><\/p><\/td><td><p>Carmen Silvia Gallardo Mu\u00f1oz-Cruzado<\/p><\/td><\/tr><tr><td><p><strong>Finalidad<\/strong><\/p><\/td><td><p>Gesti\u00f3n de sus datos para prestarle servicios, atender sus consultas y enviarle comunicaciones.<\/p><\/td><\/tr><tr><td><p><strong>Legitimaci\u00f3n<\/strong><\/p><\/td><td><p>Contrato de prestaci\u00f3n de servicios y\/o consentimiento del interesado.<\/p><\/td><\/tr><tr><td><p><strong>Destinatarios<\/strong><\/p><\/td><td><p>Supuestos exigidos por Ley \u00a0y encargados de tratamiento.<\/p><\/td><\/tr><tr><td><p><strong>Derechos<\/strong><\/p><\/td><td><p>Acceder, rectificar y suprimir los datos, as\u00ed como otros derechos, como se explica en la informaci\u00f3n adicional.<\/p><\/td><\/tr><tr><td><p><strong>Informaci\u00f3n adicional<\/strong><\/p><\/td><td><p>Ver en texto adjunto<\/p><\/td><\/tr><\/tbody><\/table><p>\u00a0<\/p><p>\u00a0<\/p><p align=\"center\"><strong>INFORMACI\u00d3N ADICIONAL SOBRE PROTECCI\u00d3N DE DATOS:<\/strong><\/p><p align=\"center\">\u00a0<\/p><p><strong>1\u00ba. \u00bfQui\u00e9n es el responsable de tratamiento de sus datos?<\/strong><\/p><p>Identidad: Carmen Silvia Gallardo Mu\u00f1oz-Cruzado<\/p><p>CIF: 53150867Y<\/p><p>Direcci\u00f3n postal: Urb. Costa del Oro, 8, 29793 Torrox-Costa, M\u00e1laga<\/p><p>Tel\u00e9fono: 952967004<\/p><p>Correo electr\u00f3nico: info@cslawyers.es<\/p><p>\u00a0<\/p><p>\u00a0<strong>2\u00ba. \u00bfCon qu\u00e9 finalidad se tratan sus datos personales?<\/strong><\/p><p>Sus datos ser\u00e1n tratados con el fin de prestarle el servicio encomendado, responder a sus peticiones y comunicarse con usted.<\/p><p>Los datos que se tratan tienen car\u00e1cter obligatorio y debe proporcionarlos en todo caso, pues de lo contrario, no se podr\u00eda prestar el servicio o atenderle.<\/p><p>\u00a0<\/p><p><strong>3\u00ba. \u00bfPor cu\u00e1nto tiempo se van a conservar sus datos?<\/strong><\/p><p>Los datos personales proporcionados se conservar\u00e1n mientras se mantenga el servicio o comunicaci\u00f3n, \u00a0o mientras no se solicite su supresi\u00f3n por el interesado. No obstante, sus datos permanecer\u00e1n bloqueados durante los plazos de prescripci\u00f3n pertinentes.<\/p><p>\u00a0<\/p><p><strong>4\u00ba.<\/strong>\u00a0<strong>\u00bfCu\u00e1l es la legitimaci\u00f3n para el tratamiento de sus datos?<\/strong><\/p><p>La base legal para el tratamiento de sus datos es su consentimiento, que adem\u00e1s es revocable en cualquier momento.<\/p><p>\u00a0<\/p><p><strong>5\u00ba. \u00bfA qu\u00e9 destinatarios se comunicar\u00e1n sus datos?<\/strong><\/p><p>Los datos no se comunicar\u00e1n a terceros, salvo en los supuestos exigidos por Ley y a nuestros encargados de tratamiento (si quiere obtener m\u00e1s informaci\u00f3n sobre \u00e9stos, nos la puede solicitar).<\/p><p>\u00a0<\/p><p>\u00a0<\/p><p><strong>6\u00ba.\u00bfCu\u00e1les son sus derechos al facilitar sus datos?<\/strong><\/p><p>Sus derechos son los regulados en el Reglamento General de Protecci\u00f3n de Datos Europeos, es decir:<\/p><ul><li>Derecho a acceder\u00a0 o rectificar sus datos, a su supresi\u00f3n, a la oposici\u00f3n y\u00a0 limitaci\u00f3n de su tratamiento, y a su portabilidad.<\/li><li>Derecho a revocar su consentimiento cuando se haya dada para alg\u00fan fin concreto.<\/li><li>Estos derechos los puede ejercer mediante carta postal certificada, e-mail o personaci\u00f3n directa y por escrito en nuestra sede, solicit\u00e1ndonos previamente si lo desea un formulario al efecto.<\/li><li>Tambi\u00e9n tiene derecho a reclamar ante la Autoridad de control cuando no haya obtenido satisfacci\u00f3n en el ejercicio de sus derechos, presentando solicitud escrita por medio del Registro (f\u00edsico o electr\u00f3nico) de la misma.<\/li><li>Si quiere ampliar informaci\u00f3n sobre en qu\u00e9 consiste cada uno de sus derechos, nos lo puede solicitar por cualquier v\u00eda.<\/li><\/ul><p>\u00a0<\/p><p><strong>7\u00ba. \u00bfCu\u00e1l es la procedencia de sus datos?<\/strong><\/p><p>Sus datos han sido recibidos:<\/p><p>Porque nos los ha facilitado directamente.<\/p><p>Los datos que se tratan pueden consistir en nombres, apellidos, n\u00famero de documento identificativo, tel\u00e9fonos, e-mails, direcciones postales, datos econ\u00f3micos, informaci\u00f3n comercial, as\u00ed como en datos especialmente protegidos que pueda aportarnos mediante su consulta o comunicaci\u00f3n.<\/p>\t\t\t\t\t\t\t\t<\/div>\n\t\t\t\t<\/div>\n\t\t\t\t\t<\/div>\n\t\t<\/div>\n\t\t\t\t\t<\/div>\n\t\t<\/section>\n\t\t\t\t<\/div>\n\t\t","protected":false},"excerpt":{"rendered":"<p>Aviso legal INFORMACI\u00d3N B\u00c1SICA SOBRE PROTECCI\u00d3N DE DATOS Responsable Carmen Silvia Gallardo Mu\u00f1oz-Cruzado Finalidad Gesti\u00f3n de sus datos para prestarle servicios, atender sus consultas y enviarle comunicaciones. Legitimaci\u00f3n Contrato de prestaci\u00f3n de servicios y\/o consentimiento del interesado. Destinatarios Supuestos exigidos por Ley \u00a0y encargados de tratamiento. Derechos Acceder, rectificar y suprimir los datos, as\u00ed como &hellip;<\/p>\n<p class=\"read-more\"> <a class=\"\" href=\"https:\/\/cslawyers.es\/es\/aviso-legal\/\"> <span class=\"screen-reader-text\">Aviso legal<\/span> Leer m\u00e1s &raquo;<\/a><\/p>\n","protected":false},"author":1,"featured_media":0,"parent":0,"menu_order":0,"comment_status":"closed","ping_status":"closed","template":"elementor_header_footer","meta":{"_monsterinsights_skip_tracking":false,"_monsterinsights_sitenote_active":false,"_monsterinsights_sitenote_note":"","_monsterinsights_sitenote_category":0,"site-sidebar-layout":"no-sidebar","site-content-layout":"page-builder","ast-site-content-layout":"","site-content-style":"default","site-sidebar-style":"default","ast-global-header-display":"","ast-banner-title-visibility":"","ast-main-header-display":"","ast-hfb-above-header-display":"","ast-hfb-below-header-display":"","ast-hfb-mobile-header-display":"","site-post-title":"disabled","ast-breadcrumbs-content":"","ast-featured-img":"disabled","footer-sml-layout":"","theme-transparent-header-meta":"default","adv-header-id-meta":"","stick-header-meta":"","header-above-stick-meta":"","header-main-stick-meta":"","header-below-stick-meta":"","astra-migrate-meta-layouts":"","ast-page-background-enabled":"default","ast-page-background-meta":{"desktop":{"background-color":"","background-image":"","background-repeat":"repeat","background-position":"center center","background-size":"auto","background-attachment":"scroll","background-type":"","background-media":"","overlay-type":"","overlay-color":"","overlay-gradient":""},"tablet":{"background-color":"","background-image":"","background-repeat":"repeat","background-position":"center center","background-size":"auto","background-attachment":"scroll","background-type":"","background-media":"","overlay-type":"","overlay-color":"","overlay-gradient":""},"mobile":{"background-color":"","background-image":"","background-repeat":"repeat","background-position":"center center","background-size":"auto","background-attachment":"scroll","background-type":"","background-media":"","overlay-type":"","overlay-color":"","overlay-gradient":""}},"ast-content-background-meta":{"desktop":{"background-color":"var(--ast-global-color-5)","background-image":"","background-repeat":"repeat","background-position":"center center","background-size":"auto","background-attachment":"scroll","background-type":"","background-media":"","overlay-type":"","overlay-color":"","overlay-gradient":""},"tablet":{"background-color":"var(--ast-global-color-5)","background-image":"","background-repeat":"repeat","background-position":"center center","background-size":"auto","background-attachment":"scroll","background-type":"","background-media":"","overlay-type":"","overlay-color":"","overlay-gradient":""},"mobile":{"background-color":"var(--ast-global-color-5)","background-image":"","background-repeat":"repeat","background-position":"center center","background-size":"auto","background-attachment":"scroll","background-type":"","background-media":"","overlay-type":"","overlay-color":"","overlay-gradient":""}},"footnotes":""},"yst_prominent_words":[59,56,53,68,63,71,65,58,61,64,72,67,55,70,60,57,62,66,54,69],"aioseo_notices":[],"jetpack_sharing_enabled":true,"_links":{"self":[{"href":"https:\/\/cslawyers.es\/es\/wp-json\/wp\/v2\/pages\/110"}],"collection":[{"href":"https:\/\/cslawyers.es\/es\/wp-json\/wp\/v2\/pages"}],"about":[{"href":"https:\/\/cslawyers.es\/es\/wp-json\/wp\/v2\/types\/page"}],"author":[{"embeddable":true,"href":"https:\/\/cslawyers.es\/es\/wp-json\/wp\/v2\/users\/1"}],"replies":[{"embeddable":true,"href":"https:\/\/cslawyers.es\/es\/wp-json\/wp\/v2\/comments?post=110"}],"version-history":[{"count":0,"href":"https:\/\/cslawyers.es\/es\/wp-json\/wp\/v2\/pages\/110\/revisions"}],"wp:attachment":[{"href":"https:\/\/cslawyers.es\/es\/wp-json\/wp\/v2\/media?parent=110"}],"wp:term":[{"taxonomy":"yst_prominent_words","embeddable":true,"href":"https:\/\/cslawyers.es\/es\/wp-json\/wp\/v2\/yst_prominent_words?post=110"}],"curies":[{"name":"wp","href":"https:\/\/api.w.org\/{rel}","templated":true}]}}